{"id":4221,"date":"2021-11-30T13:14:39","date_gmt":"2021-11-30T13:14:39","guid":{"rendered":"https:\/\/demo.casethemes.net\/industo\/?page_id=4221"},"modified":"2021-11-30T13:14:39","modified_gmt":"2021-11-30T13:14:39","slug":"blog-standard-full-width","status":"publish","type":"page","link":"https:\/\/senozmetal.com\/index.php\/blog-standard-full-width\/","title":{"rendered":"Blog Standard &#8211; Full Width"},"content":{"rendered":"\t\t<div data-elementor-type=\"wp-page\" data-elementor-id=\"4221\" class=\"elementor elementor-4221\" data-elementor-post-type=\"page\">\n\t\t\t\t        <section class=\"elementor-section elementor-top-section elementor-element elementor-element-b36d4ee elementor-section-boxed elementor-section-height-default elementor-section-height-default wpr-particle-no wpr-jarallax-no wpr-parallax-no wpr-sticky-section-no ct-header-fixed-none ct-column-none ct-row-scroll-none ct-row-gradient--none ct-row-container--default\" data-id=\"b36d4ee\" data-element_type=\"section\">\n            \n                        <div class=\"elementor-container elementor-column-gap-extended \">\n                    <div class=\"elementor-column elementor-col-100 elementor-top-column elementor-element elementor-element-96db062 ct-column-none col-offset-none\" data-id=\"96db062\" data-element_type=\"column\">\n        <div class=\"elementor-widget-wrap elementor-element-populated\">\n                    \n        \t\t<div class=\"elementor-element elementor-element-d5ca592 elementor-widget elementor-widget-ct_blog_grid\" data-id=\"d5ca592\" data-element_type=\"widget\" data-widget_type=\"ct_blog_grid.default\">\n\t\t\t\t<div class=\"elementor-widget-container\">\n\t\t\t\t\t\r\n<div id=\"ct_blog_grid-d5ca592\" class=\"ct-grid ct-blog-grid ct-blog-grid-layout5\" data-layout=\"masonry\" data-start-page=\"1\" data-max-pages=\"4\" data-total=\"11\" data-perpage=\"3\" data-next-link=\"https:\/\/senozmetal.com\/index.php\/wp-json\/wp\/v2\/pages\/4221\/page\/2\/\">\r\n    <div class=\"ct-grid-overlay\"><\/div>\r\n    \r\n    <div class=\"ct-grid-inner ct-grid-masonry row animate-time\" data-gutter=\"15\">\r\n                            <div class=\"grid-item col-xl-12 col-lg-12 col-md-12 col-sm-12 col-12 bilgi\">\r\n                        <div class=\"grid-item-inner \" data-wow-duration=\"1.2s\">\r\n                                                            <div class=\"entry-featured\">\r\n                                    <a href=\"https:\/\/senozmetal.com\/index.php\/2024\/12\/19\/insan-kaynaklari\/\"><img fetchpriority=\"high\" decoding=\"async\" class=\"\" src=\"https:\/\/senozmetal.com\/wp-content\/uploads\/2021\/11\/post-3-860x400.jpg\" width=\"860\" height=\"400\" alt=\"post-3\" title=\"post-3\" \/><\/a>\r\n                                <\/div>\r\n                                                        <div class=\"entry-body\">\r\n                                                                    <ul class=\"item--meta ct-item-meta\">\r\n                                                                                    <li class=\"item-category\">\r\n                                                <a href=\"https:\/\/senozmetal.com\/index.php\/category\/bilgi\/\" rel=\"tag\">Bilgi<\/a>                                            <\/li>\r\n                                                                                                                            <li class=\"item-date\"><i class=\"caseicon-calendar\"><\/i>\r\n                                                                                                <span>19<\/span>\r\n                                                <span>Ara 2024<\/span>\r\n                                            <\/li>\r\n                                                                                                                            <li class=\"item-author\">\r\n                                                <i class=\"caseicon-user\"><\/i><a href=\"https:\/\/senozmetal.com\/index.php\/author\/admin\/\">admin<\/a>\r\n                                            <\/li>\r\n                                        \r\n                                                                                    <li class=\"item--comment\">\r\n                                                <a href=\"https:\/\/senozmetal.com\/index.php\/blog-standard-full-width\/\">\r\n                                                    <i class=\"caseicon-comment\"><\/i>\r\n                                                    0 Comments                                                <\/a>\r\n                                            <\/li>\r\n                                                                            <\/ul>\r\n                                                                <h3 class=\"entry-title\"><a href=\"https:\/\/senozmetal.com\/index.php\/2024\/12\/19\/insan-kaynaklari\/\">\u0130nsan Kaynaklar\u0131<\/a><\/h3>\r\n                                                                    <div class=\"entry-excerpt\">\r\n                                        The supply from the standard in addition to customized construction products have brought towards the development of property sector in addition to various allied sectors.&hellip;                                    <\/div>\r\n                                                                                                    <div class=\"entry-readmore\">\r\n                                        <a class=\"btn btn-readmore\" href=\"https:\/\/senozmetal.com\/index.php\/2024\/12\/19\/insan-kaynaklari\/\">\r\n                                            <span>Read More<\/span>\r\n                                            <i>+<\/i>\r\n                                        <\/a>\r\n                                    <\/div>\r\n                                                            <\/div>\r\n                        <\/div>\r\n                    <\/div>\r\n                                    <div class=\"grid-item col-xl-12 col-lg-12 col-md-12 col-sm-12 col-12 bilgi\">\r\n                        <div class=\"grid-item-inner \" data-wow-duration=\"1.2s\">\r\n                                                            <div class=\"entry-featured\">\r\n                                    <a href=\"https:\/\/senozmetal.com\/index.php\/2024\/12\/19\/is-verimliligi\/\"><img decoding=\"async\" class=\"\" src=\"https:\/\/senozmetal.com\/wp-content\/uploads\/2021\/11\/post-2-860x400.jpg\" width=\"860\" height=\"400\" alt=\"post-2\" title=\"post-2\" \/><\/a>\r\n                                <\/div>\r\n                                                        <div class=\"entry-body\">\r\n                                                                    <ul class=\"item--meta ct-item-meta\">\r\n                                                                                    <li class=\"item-category\">\r\n                                                <a href=\"https:\/\/senozmetal.com\/index.php\/category\/bilgi\/\" rel=\"tag\">Bilgi<\/a>                                            <\/li>\r\n                                                                                                                            <li class=\"item-date\"><i class=\"caseicon-calendar\"><\/i>\r\n                                                                                                <span>19<\/span>\r\n                                                <span>Ara 2024<\/span>\r\n                                            <\/li>\r\n                                                                                                                            <li class=\"item-author\">\r\n                                                <i class=\"caseicon-user\"><\/i><a href=\"https:\/\/senozmetal.com\/index.php\/author\/admin\/\">admin<\/a>\r\n                                            <\/li>\r\n                                        \r\n                                                                                    <li class=\"item--comment\">\r\n                                                <a href=\"https:\/\/senozmetal.com\/index.php\/blog-standard-full-width\/\">\r\n                                                    <i class=\"caseicon-comment\"><\/i>\r\n                                                    0 Comments                                                <\/a>\r\n                                            <\/li>\r\n                                                                            <\/ul>\r\n                                                                <h3 class=\"entry-title\"><a href=\"https:\/\/senozmetal.com\/index.php\/2024\/12\/19\/is-verimliligi\/\">\u0130\u015f Verimlili\u011fi<\/a><\/h3>\r\n                                                                    <div class=\"entry-excerpt\">\r\n                                        The supply from the standard in addition to customized construction products have brought towards the development of property sector in addition to various allied sectors.&hellip;                                    <\/div>\r\n                                                                                                    <div class=\"entry-readmore\">\r\n                                        <a class=\"btn btn-readmore\" href=\"https:\/\/senozmetal.com\/index.php\/2024\/12\/19\/is-verimliligi\/\">\r\n                                            <span>Read More<\/span>\r\n                                            <i>+<\/i>\r\n                                        <\/a>\r\n                                    <\/div>\r\n                                                            <\/div>\r\n                        <\/div>\r\n                    <\/div>\r\n                                    <div class=\"grid-item col-xl-12 col-lg-12 col-md-12 col-sm-12 col-12 bilgi\">\r\n                        <div class=\"grid-item-inner \" data-wow-duration=\"1.2s\">\r\n                                                            <div class=\"entry-featured\">\r\n                                    <a href=\"https:\/\/senozmetal.com\/index.php\/2024\/12\/19\/key-headlines-for-the-best-pharmaceutical-industry\/\"><img decoding=\"async\" class=\"\" src=\"https:\/\/senozmetal.com\/wp-content\/uploads\/2021\/11\/post-7-860x400.jpg\" width=\"860\" height=\"400\" alt=\"post-7\" title=\"post-7\" \/><\/a>\r\n                                <\/div>\r\n                                                        <div class=\"entry-body\">\r\n                                                                    <ul class=\"item--meta ct-item-meta\">\r\n                                                                                    <li class=\"item-category\">\r\n                                                <a href=\"https:\/\/senozmetal.com\/index.php\/category\/bilgi\/\" rel=\"tag\">Bilgi<\/a>                                            <\/li>\r\n                                                                                                                            <li class=\"item-date\"><i class=\"caseicon-calendar\"><\/i>\r\n                                                                                                <span>19<\/span>\r\n                                                <span>Ara 2024<\/span>\r\n                                            <\/li>\r\n                                                                                                                            <li class=\"item-author\">\r\n                                                <i class=\"caseicon-user\"><\/i><a href=\"https:\/\/senozmetal.com\/index.php\/author\/admin\/\">admin<\/a>\r\n                                            <\/li>\r\n                                        \r\n                                                                                    <li class=\"item--comment\">\r\n                                                <a href=\"https:\/\/senozmetal.com\/index.php\/blog-standard-full-width\/\">\r\n                                                    <i class=\"caseicon-comment\"><\/i>\r\n                                                    0 Comments                                                <\/a>\r\n                                            <\/li>\r\n                                                                            <\/ul>\r\n                                                                <h3 class=\"entry-title\"><a href=\"https:\/\/senozmetal.com\/index.php\/2024\/12\/19\/key-headlines-for-the-best-pharmaceutical-industry\/\">\u0130\u015f Sa\u011fl\u0131\u011f\u0131 &#038; G\u00fcvenli\u011fi<\/a><\/h3>\r\n                                                                    <div class=\"entry-excerpt\">\r\n                                        The supply from the standard in addition to customized construction products have brought towards the development of property sector in addition to various allied sectors.&hellip;                                    <\/div>\r\n                                                                                                    <div class=\"entry-readmore\">\r\n                                        <a class=\"btn btn-readmore\" href=\"https:\/\/senozmetal.com\/index.php\/2024\/12\/19\/key-headlines-for-the-best-pharmaceutical-industry\/\">\r\n                                            <span>Read More<\/span>\r\n                                            <i>+<\/i>\r\n                                        <\/a>\r\n                                    <\/div>\r\n                                                            <\/div>\r\n                        <\/div>\r\n                    <\/div>\r\n                                    <div class=\"grid-sizer col-xl-12 col-lg-12 col-md-12 col-sm-12 col-12\"><\/div>\r\n            <\/div>\r\n            <div class=\"ct-grid-pagination\" data-loadmore=\"{&quot;startPage&quot;:1,&quot;maxPages&quot;:4,&quot;total&quot;:11,&quot;perpage&quot;:3,&quot;nextLink&quot;:&quot;https:\\\/\\\/senozmetal.com\\\/index.php\\\/wp-json\\\/wp\\\/v2\\\/pages\\\/4221\\\/page\\\/2\\\/&quot;,&quot;source&quot;:&quot;&quot;,&quot;orderby&quot;:&quot;date&quot;,&quot;order&quot;:&quot;desc&quot;,&quot;limit&quot;:3,&quot;post_ids&quot;:&quot;&quot;,&quot;col_xl&quot;:12,&quot;col_lg&quot;:12,&quot;col_md&quot;:12,&quot;col_sm&quot;:12,&quot;col_xs&quot;:12,&quot;pagination_type&quot;:&quot;pagination&quot;,&quot;show_author&quot;:&quot;true&quot;,&quot;show_date&quot;:&quot;true&quot;,&quot;show_button&quot;:&quot;true&quot;,&quot;show_category&quot;:&quot;true&quot;,&quot;show_comment&quot;:&quot;true&quot;,&quot;button_text&quot;:&quot;&quot;,&quot;show_excerpt&quot;:&quot;true&quot;,&quot;num_words&quot;:25,&quot;img_size&quot;:&quot;&quot;,&quot;grid_masonry&quot;:&quot;&quot;,&quot;ct_animate&quot;:&quot;&quot;,&quot;template_type&quot;:&quot;post_grid_layout5&quot;,&quot;tax&quot;:[&quot;category&quot;]}\" data-query=\"{&quot;post_type&quot;:&quot;post&quot;,&quot;post_status&quot;:&quot;publish&quot;,&quot;posts_per_page&quot;:3,&quot;order&quot;:&quot;desc&quot;,&quot;orderby&quot;:&quot;date&quot;,&quot;tax_query&quot;:{&quot;relation&quot;:&quot;OR&quot;},&quot;post__not_in&quot;:[4221]}\">\r\n                <nav class=\"ct-posts-pagination ajax\">\r\n        <div class=\"posts-page-links\">\r\n            <span aria-label=\"Sayfa 1\" aria-current=\"page\" class=\"page-numbers current\">1<\/span>\n<a aria-label=\"Sayfa 2\" class=\"page-numbers\" href=\"#2\">2<\/a>\n<span class=\"page-numbers dots\">&hellip;<\/span>\n<a aria-label=\"Sayfa 4\" class=\"page-numbers\" href=\"#4\">4<\/a>\n<a class=\"next page-numbers\" href=\"#2\"><i class=\"caseicon-angle-arrow-right\"><\/i><\/a>        <\/div>\r\n    <\/nav>\r\n            <\/div>\r\n        <\/div>\t\t\t\t<\/div>\n\t\t\t\t<\/div>\n\t\t            <\/div>\n        <\/div>\n                    <\/div>\n        <\/section>\n        \t\t<\/div>\n\t\t","protected":false},"excerpt":{"rendered":"<p>Industry 29 Dec 2021 David Parker 0 Comments The Role Of The CNC Machine Operator The Industrial Revolution, which took place from the 18th to 19th centuries, was a period during predomic. Read More + Factory 29 Dec 2021 David Parker 0 Comments The Various Industries That Take Advantage The Industrial Revolution, which took place from the 18th to 19th centuries, was a period during predomic. Read More + Construction 29 Dec 2021 David Parker 0 Comments Construction Industry Heading Upright Using The Industrial Revolution, which took place from the 18th to 19th centuries, was a period during predomic. Read More + 1 2 &hellip; 4<\/p>\n","protected":false},"author":1,"featured_media":0,"parent":0,"menu_order":0,"comment_status":"closed","ping_status":"closed","template":"","meta":{"footnotes":""},"class_list":["post-4221","page","type-page","status-publish","hentry"],"_links":{"self":[{"href":"https:\/\/senozmetal.com\/index.php\/wp-json\/wp\/v2\/pages\/4221","targetHints":{"allow":["GET"]}}],"collection":[{"href":"https:\/\/senozmetal.com\/index.php\/wp-json\/wp\/v2\/pages"}],"about":[{"href":"https:\/\/senozmetal.com\/index.php\/wp-json\/wp\/v2\/types\/page"}],"author":[{"embeddable":true,"href":"https:\/\/senozmetal.com\/index.php\/wp-json\/wp\/v2\/users\/1"}],"replies":[{"embeddable":true,"href":"https:\/\/senozmetal.com\/index.php\/wp-json\/wp\/v2\/comments?post=4221"}],"version-history":[{"count":0,"href":"https:\/\/senozmetal.com\/index.php\/wp-json\/wp\/v2\/pages\/4221\/revisions"}],"wp:attachment":[{"href":"https:\/\/senozmetal.com\/index.php\/wp-json\/wp\/v2\/media?parent=4221"}],"curies":[{"name":"wp","href":"https:\/\/api.w.org\/{rel}","templated":true}]}}