{"id":14170,"date":"2023-04-26T03:39:07","date_gmt":"2023-04-26T03:39:07","guid":{"rendered":"https:\/\/demo.casethemes.net\/industo\/?page_id=14170"},"modified":"2023-04-26T03:39:07","modified_gmt":"2023-04-26T03:39:07","slug":"shop-carousel","status":"publish","type":"page","link":"https:\/\/senozmetal.com\/index.php\/shop-carousel\/","title":{"rendered":"Shop Carousel"},"content":{"rendered":"\t\t<div data-elementor-type=\"wp-page\" data-elementor-id=\"14170\" class=\"elementor elementor-14170\" data-elementor-post-type=\"page\">\n\t\t\t\t        <section class=\"elementor-section elementor-top-section elementor-element elementor-element-b7927e0 elementor-section-stretched elementor-section-boxed elementor-section-height-default elementor-section-height-default wpr-particle-no wpr-jarallax-no wpr-parallax-no wpr-sticky-section-no ct-header-fixed-none ct-column-none ct-row-scroll-none ct-row-gradient--none ct-row-container--default\" data-id=\"b7927e0\" data-element_type=\"section\" data-settings=\"{&quot;stretch_section&quot;:&quot;section-stretched&quot;,&quot;background_background&quot;:&quot;classic&quot;}\">\n                            <div class=\"elementor-background-overlay\"><\/div>\n                \n                        <div class=\"elementor-container elementor-column-gap-extended \">\n                    <div class=\"elementor-column elementor-col-100 elementor-top-column elementor-element elementor-element-8020d10 ct-column-none col-offset-none\" data-id=\"8020d10\" data-element_type=\"column\">\n        <div class=\"elementor-widget-wrap elementor-element-populated\">\n                    \n        \t\t<div class=\"elementor-element elementor-element-c083d55 elementor-widget elementor-widget-ct_particle_animate\" data-id=\"c083d55\" data-element_type=\"widget\" data-widget_type=\"ct_particle_animate.default\">\n\t\t\t\t<div class=\"elementor-widget-container\">\n\t\t\t\t\t\t<div class=\"ct-particle-animate el-move-parents img-below-content \" data-wow-delay=\"ms\">\r\n\t\t\t\t    <div id=\"ct_particle_animate-c083d550\" class=\"top-right shape-animate4\" >\r\n\t\t    \t\t\t\t    \t\t\t    \t<div class=\"ct-inline-css\"  data-css=\"\r\n\t\t\t            .ct-particle-animate #ct_particle_animate-c083d550 {\r\n\t\t\t                right: 140px;\r\n\t\t\t                top: 80px;\r\n\t\t\t            }\">\r\n\t\t\t        <\/div>\r\n\t\t\t    \t\t\t    \t\t\t    \t\t    \t<img decoding=\"async\" width=\"119\" height=\"154\" src=\"https:\/\/senozmetal.com\/wp-content\/uploads\/2021\/11\/vt-3.png\" class=\"attachment-full\" alt=\"\" \/>\t\t\r\n\t\t    <\/div>\r\n\t\t\t\t    <div id=\"ct_particle_animate-c083d551\" class=\"top-left animate-none\" >\r\n\t\t    \t\t\t\t    \t<div class=\"ct-inline-css\"  data-css=\"\r\n\t\t\t            .ct-particle-animate #ct_particle_animate-c083d551 {\r\n\t\t\t                left: 15%;\r\n\t\t\t                top: 0px;\r\n\t\t\t            }\">\r\n\t\t\t        <\/div>\r\n\t\t\t    \t\t\t    \t\t\t    \t\t\t    \t\t    \t<img fetchpriority=\"high\" decoding=\"async\" width=\"345\" height=\"303\" src=\"https:\/\/senozmetal.com\/wp-content\/uploads\/2021\/11\/img-vector1.png\" class=\"attachment-full\" alt=\"\" \/>\t\t\r\n\t\t    <\/div>\r\n\t\t\t<\/div>\r\n\t\t\t\t<\/div>\n\t\t\t\t<\/div>\n\t\t\t\t<div class=\"elementor-element elementor-element-b9f5514 elementor-widget elementor-widget-ct_heading\" data-id=\"b9f5514\" data-element_type=\"widget\" data-widget_type=\"ct_heading.default\">\n\t\t\t\t<div class=\"elementor-widget-container\">\n\t\t\t\t\t<div id=\"ct_heading-b9f5514\" class=\"ct-heading h-align-center item-st-default\">\r\n    <div class=\"heading-wrapper\">\r\n        <div class=\"inner-heading\">\r\n                              <h4 class=\"title-holder\">\r\n                  Product                <\/h4>\r\n                          \t            \t\t<div class=\"item--sub-title no-image-bg\">\r\n                                                <span>\r\n                            Populat products                        <\/span>\r\n                    <\/div>\r\n            \t                <h3 class=\"item--title case-animate-time st-default \" data-wow-delay=\"ms\">\r\n                    <span>We have the best quality<br \/>\nindustrial products.<\/span>                <\/h3>\r\n        <\/div>\r\n    <\/div>\r\n<\/div>\r\n\t\t\t\t<\/div>\n\t\t\t\t<\/div>\n\t\t\t\t<div class=\"elementor-element elementor-element-46f8981 elementor-widget-divider--view-line elementor-widget elementor-widget-divider\" data-id=\"46f8981\" data-element_type=\"widget\" data-widget_type=\"divider.default\">\n\t\t\t\t<div class=\"elementor-widget-container\">\n\t\t\t\t\t\t\t<div class=\"elementor-divider\">\n\t\t\t<span class=\"elementor-divider-separator\">\n\t\t\t\t\t\t<\/span>\n\t\t<\/div>\n\t\t\t\t\t\t<\/div>\n\t\t\t\t<\/div>\n\t\t\t\t<div class=\"elementor-element elementor-element-3867bd9 elementor-widget elementor-widget-ct_product_carousel\" data-id=\"3867bd9\" data-element_type=\"widget\" data-widget_type=\"ct_product_carousel.default\">\n\t\t\t\t<div class=\"elementor-widget-container\">\n\t\t\t\t\t\r\n<div id=\"ct_product_carousel-3867bd9\" class=\"ct-product-carousel1 ct-slick-slider ct-arrow-middle woocommerce\">\r\n    <div class=\"ct-carousel-inner\">\r\n        <div class=\"ct-slick-carousel slick-shadow\" data-arrows=\"true\" data-dots=\"true\" data-pauseOnHover=\"true\" data-autoplay=\"true\" data-autoplaySpeed=\"5000\" data-infinite=\"true\" data-speed=\"500\" data-dir=\"false\" data-colxs=\"1\" data-colsm=\"1\" data-colmd=\"2\" data-collg=\"3\" data-colxl=\"4\" data-slidesToScroll=\"2\" data-appendArrows=\"#append-arrows-ct_product_carousel-3867bd9\" data-appendDots=\"#append-dots-ct_product_carousel-3867bd9\">\r\n                        <div class=\"carousel-item slick-slide\">\r\n                    <div class=\"grid-item-inner \">\r\n                                                    <div class=\"woocommerce-product-header\">\r\n                                <a class=\"woocommerce-product-details\" href=\"https:\/\/senozmetal.com\/index.php\/product\/inverter-power-generator-v2\/\"><img decoding=\"async\" class=\"\" src=\"https:\/\/senozmetal.com\/wp-content\/uploads\/2021\/12\/product-7-400x400.png\" width=\"400\" height=\"400\" alt=\"product-7\" title=\"product-7\" \/><\/a>\r\n                            <\/div>\r\n                        \r\n                        <div class=\"woocommerce-product-content\">\r\n                            <h4 class=\"woocommerce-product--title\">\r\n                                <a href=\"https:\/\/senozmetal.com\/index.php\/product\/inverter-power-generator-v2\/\">Inverter Power Generator V2<\/a>\r\n                            <\/h4>\r\n                                                            <div class=\"item--category\">\r\n                                    <a href=\"https:\/\/senozmetal.com\/index.php\/product-category\/generator-yato-brand\/\" rel=\"tag\">Generator Yato Brand<\/a>                                <\/div>\r\n                                                        <div class=\"woo-rate-price\">\r\n                                <span class=\"price\"><del aria-hidden=\"true\"><span class=\"woocommerce-Price-amount amount\"><span class=\"woocommerce-Price-currencySymbol\">&#8378;<\/span>300,00<\/span><\/del> <span class=\"screen-reader-text\">Orijinal fiyat: &#8378;300,00.<\/span><ins aria-hidden=\"true\"><span class=\"woocommerce-Price-amount amount\"><span class=\"woocommerce-Price-currencySymbol\">&#8378;<\/span>250,00<\/span><\/ins><span class=\"screen-reader-text\">\u015eu andaki fiyat: &#8378;250,00.<\/span><\/span>\r\n                                <div class=\"woocommerce-product--rating\">\r\n                                    <div class=\"star-rating\" role=\"img\" aria-label=\"5 \u00fczerinden 3.50 oy ald\u0131\"><span style=\"width:70%\"><span class=\"rating\">2<\/span> m\u00fc\u015fteri puan\u0131na dayanarak 5 \u00fczerinden <strong class=\"rating\">3.50<\/strong> puan ald\u0131<\/span><\/div>                                <\/div>\r\n                            <\/div>\r\n                        <\/div>\r\n                        <div class=\"woocommerce-add-to-cart\">\r\n                            <a href=\"?add-to-cart=4308\" rel=\"nofollow\" data-product_id=\"4308\" data-product_sku=\"\" class=\"button ajax_add_to_cart add_to_cart_button product_type_simple\">Sepete Ekle<\/a>                        <\/div>\r\n                    <\/div>\r\n                <\/div>\r\n                                    <div class=\"carousel-item slick-slide\">\r\n                    <div class=\"grid-item-inner \">\r\n                                                    <div class=\"woocommerce-product-header\">\r\n                                <a class=\"woocommerce-product-details\" href=\"https:\/\/senozmetal.com\/index.php\/product\/slim-fit-chinos-mens-uk\/\"><img loading=\"lazy\" decoding=\"async\" class=\"\" src=\"https:\/\/senozmetal.com\/wp-content\/uploads\/2021\/12\/item2-1-400x400.png\" width=\"400\" height=\"400\" alt=\"item2\" title=\"item2\" \/><\/a>\r\n                            <\/div>\r\n                        \r\n                        <div class=\"woocommerce-product-content\">\r\n                            <h4 class=\"woocommerce-product--title\">\r\n                                <a href=\"https:\/\/senozmetal.com\/index.php\/product\/slim-fit-chinos-mens-uk\/\">Slim fit chinos mens uk<\/a>\r\n                            <\/h4>\r\n                                                            <div class=\"item--category\">\r\n                                    <a href=\"https:\/\/senozmetal.com\/index.php\/product-category\/compound\/\" rel=\"tag\">Compound<\/a>                                <\/div>\r\n                                                        <div class=\"woo-rate-price\">\r\n                                <span class=\"price\"><span class=\"woocommerce-Price-amount amount\"><span class=\"woocommerce-Price-currencySymbol\">&#8378;<\/span>20,00<\/span><\/span>\r\n                                <div class=\"woocommerce-product--rating\">\r\n                                    <div class=\"star-rating\" role=\"img\" aria-label=\"5 \u00fczerinden 4.00 oy ald\u0131\"><span style=\"width:80%\"><span class=\"rating\">3<\/span> m\u00fc\u015fteri puan\u0131na dayanarak 5 \u00fczerinden <strong class=\"rating\">4.00<\/strong> puan ald\u0131<\/span><\/div>                                <\/div>\r\n                            <\/div>\r\n                        <\/div>\r\n                        <div class=\"woocommerce-add-to-cart\">\r\n                            <a href=\"?add-to-cart=4302\" rel=\"nofollow\" data-product_id=\"4302\" data-product_sku=\"\" class=\"button ajax_add_to_cart add_to_cart_button product_type_simple\">Sepete Ekle<\/a>                        <\/div>\r\n                    <\/div>\r\n                <\/div>\r\n                                    <div class=\"carousel-item slick-slide\">\r\n                    <div class=\"grid-item-inner \">\r\n                                                    <div class=\"woocommerce-product-header\">\r\n                                <a class=\"woocommerce-product-details\" href=\"https:\/\/senozmetal.com\/index.php\/product\/liion-compact-drill-cordless\/\"><img loading=\"lazy\" decoding=\"async\" class=\"\" src=\"https:\/\/senozmetal.com\/wp-content\/uploads\/2021\/12\/drill3-1-400x400.png\" width=\"400\" height=\"400\" alt=\"drill3\" title=\"drill3\" \/><\/a>\r\n                            <\/div>\r\n                        \r\n                        <div class=\"woocommerce-product-content\">\r\n                            <h4 class=\"woocommerce-product--title\">\r\n                                <a href=\"https:\/\/senozmetal.com\/index.php\/product\/liion-compact-drill-cordless\/\">LiIon Compact Drill Cordless<\/a>\r\n                            <\/h4>\r\n                                                            <div class=\"item--category\">\r\n                                    <a href=\"https:\/\/senozmetal.com\/index.php\/product-category\/drill-machine\/\" rel=\"tag\">Drill Machine<\/a>                                <\/div>\r\n                                                        <div class=\"woo-rate-price\">\r\n                                <span class=\"price\"><span class=\"woocommerce-Price-amount amount\"><span class=\"woocommerce-Price-currencySymbol\">&#8378;<\/span>10,00<\/span><\/span>\r\n                                <div class=\"woocommerce-product--rating\">\r\n                                    <div class=\"star-rating\" role=\"img\" aria-label=\"5 \u00fczerinden 4.50 oy ald\u0131\"><span style=\"width:90%\"><span class=\"rating\">2<\/span> m\u00fc\u015fteri puan\u0131na dayanarak 5 \u00fczerinden <strong class=\"rating\">4.50<\/strong> puan ald\u0131<\/span><\/div>                                <\/div>\r\n                            <\/div>\r\n                        <\/div>\r\n                        <div class=\"woocommerce-add-to-cart\">\r\n                            <a href=\"?add-to-cart=4301\" rel=\"nofollow\" data-product_id=\"4301\" data-product_sku=\"\" class=\"button ajax_add_to_cart add_to_cart_button product_type_simple\">Sepete Ekle<\/a>                        <\/div>\r\n                    <\/div>\r\n                <\/div>\r\n                                    <div class=\"carousel-item slick-slide\">\r\n                    <div class=\"grid-item-inner \">\r\n                                                    <div class=\"woocommerce-product-header\">\r\n                                <a class=\"woocommerce-product-details\" href=\"https:\/\/senozmetal.com\/index.php\/product\/compound-saw-makita-brand-3\/\"><img loading=\"lazy\" decoding=\"async\" class=\"\" src=\"https:\/\/senozmetal.com\/wp-content\/uploads\/2021\/12\/product-6-1-400x400.png\" width=\"400\" height=\"400\" alt=\"product-6\" title=\"product-6\" \/><\/a>\r\n                            <\/div>\r\n                        \r\n                        <div class=\"woocommerce-product-content\">\r\n                            <h4 class=\"woocommerce-product--title\">\r\n                                <a href=\"https:\/\/senozmetal.com\/index.php\/product\/compound-saw-makita-brand-3\/\">LiIon Compact Drill Driver SZ2<\/a>\r\n                            <\/h4>\r\n                                                            <div class=\"item--category\">\r\n                                    <a href=\"https:\/\/senozmetal.com\/index.php\/product-category\/compound\/\" rel=\"tag\">Compound<\/a>                                <\/div>\r\n                                                        <div class=\"woo-rate-price\">\r\n                                <span class=\"price\"><span class=\"woocommerce-Price-amount amount\"><span class=\"woocommerce-Price-currencySymbol\">&#8378;<\/span>20,00<\/span><\/span>\r\n                                <div class=\"woocommerce-product--rating\">\r\n                                    <div class=\"star-rating\" role=\"img\" aria-label=\"5 \u00fczerinden 4.00 oy ald\u0131\"><span style=\"width:80%\"><span class=\"rating\">2<\/span> m\u00fc\u015fteri puan\u0131na dayanarak 5 \u00fczerinden <strong class=\"rating\">4.00<\/strong> puan ald\u0131<\/span><\/div>                                <\/div>\r\n                            <\/div>\r\n                        <\/div>\r\n                        <div class=\"woocommerce-add-to-cart\">\r\n                            <a href=\"?add-to-cart=4294\" rel=\"nofollow\" data-product_id=\"4294\" data-product_sku=\"\" class=\"button ajax_add_to_cart add_to_cart_button product_type_simple\">Sepete Ekle<\/a>                        <\/div>\r\n                    <\/div>\r\n                <\/div>\r\n                                    <div class=\"carousel-item slick-slide\">\r\n                    <div class=\"grid-item-inner \">\r\n                                                    <div class=\"woocommerce-product-header\">\r\n                                <a class=\"woocommerce-product-details\" href=\"https:\/\/senozmetal.com\/index.php\/product\/liion-compact-drill-driver-sz3\/\"><img loading=\"lazy\" decoding=\"async\" class=\"\" src=\"https:\/\/senozmetal.com\/wp-content\/uploads\/2021\/12\/product-5-1-400x400.png\" width=\"400\" height=\"400\" alt=\"product-5\" title=\"product-5\" \/><\/a>\r\n                            <\/div>\r\n                        \r\n                        <div class=\"woocommerce-product-content\">\r\n                            <h4 class=\"woocommerce-product--title\">\r\n                                <a href=\"https:\/\/senozmetal.com\/index.php\/product\/liion-compact-drill-driver-sz3\/\">LiIon Compact Drill Driver SZ3<\/a>\r\n                            <\/h4>\r\n                                                            <div class=\"item--category\">\r\n                                    <a href=\"https:\/\/senozmetal.com\/index.php\/product-category\/generator-yato-brand\/\" rel=\"tag\">Generator Yato Brand<\/a>                                <\/div>\r\n                                                        <div class=\"woo-rate-price\">\r\n                                <span class=\"price\"><span class=\"woocommerce-Price-amount amount\"><span class=\"woocommerce-Price-currencySymbol\">&#8378;<\/span>20,00<\/span><\/span>\r\n                                <div class=\"woocommerce-product--rating\">\r\n                                    <div class=\"star-rating\" role=\"img\" aria-label=\"5 \u00fczerinden 5.00 oy ald\u0131\"><span style=\"width:100%\"><span class=\"rating\">2<\/span> m\u00fc\u015fteri puan\u0131na dayanarak 5 \u00fczerinden <strong class=\"rating\">5.00<\/strong> puan ald\u0131<\/span><\/div>                                <\/div>\r\n                            <\/div>\r\n                        <\/div>\r\n                        <div class=\"woocommerce-add-to-cart\">\r\n                            <a href=\"?add-to-cart=4277\" rel=\"nofollow\" data-product_id=\"4277\" data-product_sku=\"\" class=\"button ajax_add_to_cart add_to_cart_button product_type_simple\">Sepete Ekle<\/a>                        <\/div>\r\n                    <\/div>\r\n                <\/div>\r\n                                    <div class=\"carousel-item slick-slide\">\r\n                    <div class=\"grid-item-inner \">\r\n                                                    <div class=\"woocommerce-product-header\">\r\n                                <a class=\"woocommerce-product-details\" href=\"https:\/\/senozmetal.com\/index.php\/product\/compound-saw-makita-brand\/\"><img loading=\"lazy\" decoding=\"async\" class=\"\" src=\"https:\/\/senozmetal.com\/wp-content\/uploads\/2021\/11\/product-4-400x400.jpg\" width=\"400\" height=\"400\" alt=\"product-4\" title=\"product-4\" \/><\/a>\r\n                            <\/div>\r\n                        \r\n                        <div class=\"woocommerce-product-content\">\r\n                            <h4 class=\"woocommerce-product--title\">\r\n                                <a href=\"https:\/\/senozmetal.com\/index.php\/product\/compound-saw-makita-brand\/\">Compound Saw Makita Brand<\/a>\r\n                            <\/h4>\r\n                                                            <div class=\"item--category\">\r\n                                    <a href=\"https:\/\/senozmetal.com\/index.php\/product-category\/compound\/\" rel=\"tag\">Compound<\/a>                                <\/div>\r\n                                                        <div class=\"woo-rate-price\">\r\n                                <span class=\"price\"><span class=\"woocommerce-Price-amount amount\"><span class=\"woocommerce-Price-currencySymbol\">&#8378;<\/span>20,00<\/span><\/span>\r\n                                <div class=\"woocommerce-product--rating\">\r\n                                    <div class=\"star-rating\" role=\"img\" aria-label=\"5 \u00fczerinden 4.00 oy ald\u0131\"><span style=\"width:80%\"><span class=\"rating\">2<\/span> m\u00fc\u015fteri puan\u0131na dayanarak 5 \u00fczerinden <strong class=\"rating\">4.00<\/strong> puan ald\u0131<\/span><\/div>                                <\/div>\r\n                            <\/div>\r\n                        <\/div>\r\n                        <div class=\"woocommerce-add-to-cart\">\r\n                            <a href=\"?add-to-cart=4235\" rel=\"nofollow\" data-product_id=\"4235\" data-product_sku=\"\" class=\"button ajax_add_to_cart add_to_cart_button product_type_simple\">Sepete Ekle<\/a>                        <\/div>\r\n                    <\/div>\r\n                <\/div>\r\n                            <\/div>\r\n        <div class=\"container-custom\">\r\n            <div id=\"append-arrows-ct_product_carousel-3867bd9\" class=\"append-arrows-custom\">\r\n                <div id=\"append-dots-ct_product_carousel-3867bd9\" class=\"append-dots-custom\"><\/div>\r\n            <\/div>\r\n        <\/div>\r\n    <\/div>\r\n<\/div>\r\n\t\t\t\t<\/div>\n\t\t\t\t<\/div>\n\t\t\t\t<div class=\"elementor-element elementor-element-e1d1755 elementor-widget elementor-widget-ct_particle_animate\" data-id=\"e1d1755\" data-element_type=\"widget\" data-widget_type=\"ct_particle_animate.default\">\n\t\t\t\t<div class=\"elementor-widget-container\">\n\t\t\t\t\t\t<div class=\"ct-particle-animate el-move-parents img-below-content wow fadeInLeft\" data-wow-delay=\"ms\">\r\n\t\t\t\t    <div id=\"ct_particle_animate-e1d17550\" class=\"bottom-left shape-animate1\" >\r\n\t\t    \t\t\t\t    \t\t\t    \t\t\t    \t<div class=\"ct-inline-css\"  data-css=\"\r\n\t\t\t            .ct-particle-animate #ct_particle_animate-e1d17550 {\r\n\t\t\t                left: 40px;\r\n\t\t\t                bottom: 80px;\r\n\t\t\t            }\">\r\n\t\t\t        <\/div>\r\n\t\t\t    \t\t\t    \t\t    \t<img loading=\"lazy\" decoding=\"async\" width=\"212\" height=\"196\" src=\"https:\/\/senozmetal.com\/wp-content\/uploads\/2021\/11\/vt-4.png\" class=\"attachment-full\" alt=\"\" \/>\t\t\r\n\t\t    <\/div>\r\n\t\t\t<\/div>\r\n\t\t\t\t<\/div>\n\t\t\t\t<\/div>\n\t\t            <\/div>\n        <\/div>\n                    <\/div>\n        <\/section>\n        \t\t<\/div>\n\t\t","protected":false},"excerpt":{"rendered":"<p>Product Populat products We have the best quality industrial products. Inverter Power Generator V2 Generator Yato Brand &pound;300.00 &pound;250.00 Rated 3.50 out of 5 based on 2 customer ratings Add to cart Slim fit chinos mens uk Compound &pound;20.00 Rated 4.00 out of 5 based on 3 customer ratings Add to cart LiIon Compact Drill Cordless Drill Machine &pound;10.00 Rated 4.50 out of 5 based on 2 customer ratings Add to cart LiIon Compact Drill Driver SZ2 Compound &pound;20.00 Rated 4.00 out of 5 based on 2 customer ratings Add to cart LiIon Compact Drill Driver SZ3 Generator Yato Brand &pound;20.00 Rated 5.00 out of 5 based on 2 customer ratings Add to cart Compound Saw Makita Brand Compound &pound;20.00 Rated 4.00 out of 5 based on 2 customer ratings Add to cart<\/p>\n","protected":false},"author":1,"featured_media":0,"parent":0,"menu_order":0,"comment_status":"closed","ping_status":"closed","template":"","meta":{"footnotes":""},"class_list":["post-14170","page","type-page","status-publish","hentry"],"_links":{"self":[{"href":"https:\/\/senozmetal.com\/index.php\/wp-json\/wp\/v2\/pages\/14170","targetHints":{"allow":["GET"]}}],"collection":[{"href":"https:\/\/senozmetal.com\/index.php\/wp-json\/wp\/v2\/pages"}],"about":[{"href":"https:\/\/senozmetal.com\/index.php\/wp-json\/wp\/v2\/types\/page"}],"author":[{"embeddable":true,"href":"https:\/\/senozmetal.com\/index.php\/wp-json\/wp\/v2\/users\/1"}],"replies":[{"embeddable":true,"href":"https:\/\/senozmetal.com\/index.php\/wp-json\/wp\/v2\/comments?post=14170"}],"version-history":[{"count":0,"href":"https:\/\/senozmetal.com\/index.php\/wp-json\/wp\/v2\/pages\/14170\/revisions"}],"wp:attachment":[{"href":"https:\/\/senozmetal.com\/index.php\/wp-json\/wp\/v2\/media?parent=14170"}],"curies":[{"name":"wp","href":"https:\/\/api.w.org\/{rel}","templated":true}]}}