{"id":14158,"date":"2023-04-26T03:23:27","date_gmt":"2023-04-26T03:23:27","guid":{"rendered":"https:\/\/demo.casethemes.net\/industo\/?page_id=14158"},"modified":"2023-04-26T03:23:27","modified_gmt":"2023-04-26T03:23:27","slug":"shop-grid","status":"publish","type":"page","link":"https:\/\/senozmetal.com\/index.php\/shop-grid\/","title":{"rendered":"Shop Grid"},"content":{"rendered":"\t\t<div data-elementor-type=\"wp-page\" data-elementor-id=\"14158\" class=\"elementor elementor-14158\" data-elementor-post-type=\"page\">\n\t\t\t\t        <section class=\"elementor-section elementor-top-section elementor-element elementor-element-fb609d9 elementor-section-stretched elementor-section-boxed elementor-section-height-default elementor-section-height-default wpr-particle-no wpr-jarallax-no wpr-parallax-no wpr-sticky-section-no ct-header-fixed-none ct-column-none ct-row-scroll-none ct-row-gradient--none ct-row-container--default\" data-id=\"fb609d9\" data-element_type=\"section\" data-settings=\"{&quot;stretch_section&quot;:&quot;section-stretched&quot;,&quot;background_background&quot;:&quot;classic&quot;}\">\n            \n                        <div class=\"elementor-container elementor-column-gap-extended \">\n                    <div class=\"elementor-column elementor-col-100 elementor-top-column elementor-element elementor-element-ef35f42 ct-column-none col-offset-none\" data-id=\"ef35f42\" data-element_type=\"column\">\n        <div class=\"elementor-widget-wrap elementor-element-populated\">\n                    \n        \t\t<div class=\"elementor-element elementor-element-2ba559f elementor-widget elementor-widget-ct_product_grid\" data-id=\"2ba559f\" data-element_type=\"widget\" data-widget_type=\"ct_product_grid.default\">\n\t\t\t\t<div class=\"elementor-widget-container\">\n\t\t\t\t\t\r\n    <div id=\"ct_product_grid-2ba559f\" class=\"ct-grid ct-product-grid ct-product-grid-layout1 woocommerce\" data-layout=\"masonry\" data-start-page=\"1\" data-max-pages=\"2\" data-total=\"9\" data-perpage=\"8\" data-next-link=\"https:\/\/senozmetal.com\/index.php\/wp-json\/wp\/v2\/pages\/14158\/page\/2\/\">\r\n        <div class=\"ct-grid-overlay\"><\/div>\r\n        \r\n        <div class=\"ct-grid-inner ct-grid-masonry row animate-time\" data-gutter=\"15\">\r\n                            <div class=\"grid-item col-xl-3 col-lg-3 col-md-4 col-sm-6 col-12 generator-yato-brand\">\r\n                    <div class=\"grid-item-inner \">\r\n                                                    <div class=\"woocommerce-product-header\">\r\n                                <a class=\"woocommerce-product-details\" href=\"https:\/\/senozmetal.com\/index.php\/product\/inverter-power-generator-v2\/\"><img decoding=\"async\" width=\"150\" height=\"150\" src=\"https:\/\/senozmetal.com\/wp-content\/uploads\/2021\/12\/product-7-150x150.png\" class=\"attachment-thumbnail\" alt=\"\" \/><\/a>\r\n                            <\/div>\r\n                        \r\n                        <div class=\"woocommerce-product-content\">\r\n                            <h4 class=\"woocommerce-product--title\">\r\n                                <a href=\"https:\/\/senozmetal.com\/index.php\/product\/inverter-power-generator-v2\/\">Inverter Power Generator V2<\/a>\r\n                            <\/h4>\r\n                                                            <div class=\"item--category\">\r\n                                    <a href=\"https:\/\/senozmetal.com\/index.php\/product-category\/generator-yato-brand\/\" rel=\"tag\">Generator Yato Brand<\/a>                                <\/div>\r\n                                                        <div class=\"woo-rate-price\">\r\n                                <span class=\"price\"><del aria-hidden=\"true\"><span class=\"woocommerce-Price-amount amount\"><span class=\"woocommerce-Price-currencySymbol\">&#8378;<\/span>300,00<\/span><\/del> <span class=\"screen-reader-text\">Orijinal fiyat: &#8378;300,00.<\/span><ins aria-hidden=\"true\"><span class=\"woocommerce-Price-amount amount\"><span class=\"woocommerce-Price-currencySymbol\">&#8378;<\/span>250,00<\/span><\/ins><span class=\"screen-reader-text\">\u015eu andaki fiyat: &#8378;250,00.<\/span><\/span>\r\n                                <div class=\"woocommerce-product--rating\">\r\n                                    <div class=\"star-rating\" role=\"img\" aria-label=\"5 \u00fczerinden 3.50 oy ald\u0131\"><span style=\"width:70%\"><span class=\"rating\">2<\/span> m\u00fc\u015fteri puan\u0131na dayanarak 5 \u00fczerinden <strong class=\"rating\">3.50<\/strong> puan ald\u0131<\/span><\/div>                                <\/div>\r\n                            <\/div>\r\n                        <\/div>\r\n                        <div class=\"woocommerce-add-to-cart\">\r\n                            <a href=\"?add-to-cart=4308\" rel=\"nofollow\" data-product_id=\"4308\" data-product_sku=\"\" class=\"button ajax_add_to_cart add_to_cart_button product_type_simple\">Sepete Ekle<\/a>                        <\/div>\r\n                    <\/div>\r\n                <\/div>\r\n                            <div class=\"grid-item col-xl-3 col-lg-3 col-md-4 col-sm-6 col-12 compound\">\r\n                    <div class=\"grid-item-inner \">\r\n                                                    <div class=\"woocommerce-product-header\">\r\n                                <a class=\"woocommerce-product-details\" href=\"https:\/\/senozmetal.com\/index.php\/product\/slim-fit-chinos-mens-uk\/\"><img decoding=\"async\" width=\"150\" height=\"150\" src=\"https:\/\/senozmetal.com\/wp-content\/uploads\/2021\/12\/item2-1-150x150.png\" class=\"attachment-thumbnail\" alt=\"\" \/><\/a>\r\n                            <\/div>\r\n                        \r\n                        <div class=\"woocommerce-product-content\">\r\n                            <h4 class=\"woocommerce-product--title\">\r\n                                <a href=\"https:\/\/senozmetal.com\/index.php\/product\/slim-fit-chinos-mens-uk\/\">Slim fit chinos mens uk<\/a>\r\n                            <\/h4>\r\n                                                            <div class=\"item--category\">\r\n                                    <a href=\"https:\/\/senozmetal.com\/index.php\/product-category\/compound\/\" rel=\"tag\">Compound<\/a>                                <\/div>\r\n                                                        <div class=\"woo-rate-price\">\r\n                                <span class=\"price\"><span class=\"woocommerce-Price-amount amount\"><span class=\"woocommerce-Price-currencySymbol\">&#8378;<\/span>20,00<\/span><\/span>\r\n                                <div class=\"woocommerce-product--rating\">\r\n                                    <div class=\"star-rating\" role=\"img\" aria-label=\"5 \u00fczerinden 4.00 oy ald\u0131\"><span style=\"width:80%\"><span class=\"rating\">3<\/span> m\u00fc\u015fteri puan\u0131na dayanarak 5 \u00fczerinden <strong class=\"rating\">4.00<\/strong> puan ald\u0131<\/span><\/div>                                <\/div>\r\n                            <\/div>\r\n                        <\/div>\r\n                        <div class=\"woocommerce-add-to-cart\">\r\n                            <a href=\"?add-to-cart=4302\" rel=\"nofollow\" data-product_id=\"4302\" data-product_sku=\"\" class=\"button ajax_add_to_cart add_to_cart_button product_type_simple\">Sepete Ekle<\/a>                        <\/div>\r\n                    <\/div>\r\n                <\/div>\r\n                            <div class=\"grid-item col-xl-3 col-lg-3 col-md-4 col-sm-6 col-12 drill-machine\">\r\n                    <div class=\"grid-item-inner \">\r\n                                                    <div class=\"woocommerce-product-header\">\r\n                                <a class=\"woocommerce-product-details\" href=\"https:\/\/senozmetal.com\/index.php\/product\/liion-compact-drill-cordless\/\"><img decoding=\"async\" width=\"150\" height=\"150\" src=\"https:\/\/senozmetal.com\/wp-content\/uploads\/2021\/12\/drill3-1-150x150.png\" class=\"attachment-thumbnail\" alt=\"\" \/><\/a>\r\n                            <\/div>\r\n                        \r\n                        <div class=\"woocommerce-product-content\">\r\n                            <h4 class=\"woocommerce-product--title\">\r\n                                <a href=\"https:\/\/senozmetal.com\/index.php\/product\/liion-compact-drill-cordless\/\">LiIon Compact Drill Cordless<\/a>\r\n                            <\/h4>\r\n                                                            <div class=\"item--category\">\r\n                                    <a href=\"https:\/\/senozmetal.com\/index.php\/product-category\/drill-machine\/\" rel=\"tag\">Drill Machine<\/a>                                <\/div>\r\n                                                        <div class=\"woo-rate-price\">\r\n                                <span class=\"price\"><span class=\"woocommerce-Price-amount amount\"><span class=\"woocommerce-Price-currencySymbol\">&#8378;<\/span>10,00<\/span><\/span>\r\n                                <div class=\"woocommerce-product--rating\">\r\n                                    <div class=\"star-rating\" role=\"img\" aria-label=\"5 \u00fczerinden 4.50 oy ald\u0131\"><span style=\"width:90%\"><span class=\"rating\">2<\/span> m\u00fc\u015fteri puan\u0131na dayanarak 5 \u00fczerinden <strong class=\"rating\">4.50<\/strong> puan ald\u0131<\/span><\/div>                                <\/div>\r\n                            <\/div>\r\n                        <\/div>\r\n                        <div class=\"woocommerce-add-to-cart\">\r\n                            <a href=\"?add-to-cart=4301\" rel=\"nofollow\" data-product_id=\"4301\" data-product_sku=\"\" class=\"button ajax_add_to_cart add_to_cart_button product_type_simple\">Sepete Ekle<\/a>                        <\/div>\r\n                    <\/div>\r\n                <\/div>\r\n                            <div class=\"grid-item col-xl-3 col-lg-3 col-md-4 col-sm-6 col-12 compound\">\r\n                    <div class=\"grid-item-inner \">\r\n                                                    <div class=\"woocommerce-product-header\">\r\n                                <a class=\"woocommerce-product-details\" href=\"https:\/\/senozmetal.com\/index.php\/product\/compound-saw-makita-brand-3\/\"><img loading=\"lazy\" decoding=\"async\" width=\"150\" height=\"150\" src=\"https:\/\/senozmetal.com\/wp-content\/uploads\/2021\/12\/product-6-1-150x150.png\" class=\"attachment-thumbnail\" alt=\"\" \/><\/a>\r\n                            <\/div>\r\n                        \r\n                        <div class=\"woocommerce-product-content\">\r\n                            <h4 class=\"woocommerce-product--title\">\r\n                                <a href=\"https:\/\/senozmetal.com\/index.php\/product\/compound-saw-makita-brand-3\/\">LiIon Compact Drill Driver SZ2<\/a>\r\n                            <\/h4>\r\n                                                            <div class=\"item--category\">\r\n                                    <a href=\"https:\/\/senozmetal.com\/index.php\/product-category\/compound\/\" rel=\"tag\">Compound<\/a>                                <\/div>\r\n                                                        <div class=\"woo-rate-price\">\r\n                                <span class=\"price\"><span class=\"woocommerce-Price-amount amount\"><span class=\"woocommerce-Price-currencySymbol\">&#8378;<\/span>20,00<\/span><\/span>\r\n                                <div class=\"woocommerce-product--rating\">\r\n                                    <div class=\"star-rating\" role=\"img\" aria-label=\"5 \u00fczerinden 4.00 oy ald\u0131\"><span style=\"width:80%\"><span class=\"rating\">2<\/span> m\u00fc\u015fteri puan\u0131na dayanarak 5 \u00fczerinden <strong class=\"rating\">4.00<\/strong> puan ald\u0131<\/span><\/div>                                <\/div>\r\n                            <\/div>\r\n                        <\/div>\r\n                        <div class=\"woocommerce-add-to-cart\">\r\n                            <a href=\"?add-to-cart=4294\" rel=\"nofollow\" data-product_id=\"4294\" data-product_sku=\"\" class=\"button ajax_add_to_cart add_to_cart_button product_type_simple\">Sepete Ekle<\/a>                        <\/div>\r\n                    <\/div>\r\n                <\/div>\r\n                            <div class=\"grid-item col-xl-3 col-lg-3 col-md-4 col-sm-6 col-12 generator-yato-brand\">\r\n                    <div class=\"grid-item-inner \">\r\n                                                    <div class=\"woocommerce-product-header\">\r\n                                <a class=\"woocommerce-product-details\" href=\"https:\/\/senozmetal.com\/index.php\/product\/liion-compact-drill-driver-sz3\/\"><img loading=\"lazy\" decoding=\"async\" width=\"150\" height=\"150\" src=\"https:\/\/senozmetal.com\/wp-content\/uploads\/2021\/12\/product-5-1-150x150.png\" class=\"attachment-thumbnail\" alt=\"\" \/><\/a>\r\n                            <\/div>\r\n                        \r\n                        <div class=\"woocommerce-product-content\">\r\n                            <h4 class=\"woocommerce-product--title\">\r\n                                <a href=\"https:\/\/senozmetal.com\/index.php\/product\/liion-compact-drill-driver-sz3\/\">LiIon Compact Drill Driver SZ3<\/a>\r\n                            <\/h4>\r\n                                                            <div class=\"item--category\">\r\n                                    <a href=\"https:\/\/senozmetal.com\/index.php\/product-category\/generator-yato-brand\/\" rel=\"tag\">Generator Yato Brand<\/a>                                <\/div>\r\n                                                        <div class=\"woo-rate-price\">\r\n                                <span class=\"price\"><span class=\"woocommerce-Price-amount amount\"><span class=\"woocommerce-Price-currencySymbol\">&#8378;<\/span>20,00<\/span><\/span>\r\n                                <div class=\"woocommerce-product--rating\">\r\n                                    <div class=\"star-rating\" role=\"img\" aria-label=\"5 \u00fczerinden 5.00 oy ald\u0131\"><span style=\"width:100%\"><span class=\"rating\">2<\/span> m\u00fc\u015fteri puan\u0131na dayanarak 5 \u00fczerinden <strong class=\"rating\">5.00<\/strong> puan ald\u0131<\/span><\/div>                                <\/div>\r\n                            <\/div>\r\n                        <\/div>\r\n                        <div class=\"woocommerce-add-to-cart\">\r\n                            <a href=\"?add-to-cart=4277\" rel=\"nofollow\" data-product_id=\"4277\" data-product_sku=\"\" class=\"button ajax_add_to_cart add_to_cart_button product_type_simple\">Sepete Ekle<\/a>                        <\/div>\r\n                    <\/div>\r\n                <\/div>\r\n                            <div class=\"grid-item col-xl-3 col-lg-3 col-md-4 col-sm-6 col-12 compound\">\r\n                    <div class=\"grid-item-inner \">\r\n                                                    <div class=\"woocommerce-product-header\">\r\n                                <a class=\"woocommerce-product-details\" href=\"https:\/\/senozmetal.com\/index.php\/product\/compound-saw-makita-brand\/\"><img loading=\"lazy\" decoding=\"async\" width=\"150\" height=\"150\" src=\"https:\/\/senozmetal.com\/wp-content\/uploads\/2021\/11\/product-4-150x150.jpg\" class=\"attachment-thumbnail\" alt=\"\" \/><\/a>\r\n                            <\/div>\r\n                        \r\n                        <div class=\"woocommerce-product-content\">\r\n                            <h4 class=\"woocommerce-product--title\">\r\n                                <a href=\"https:\/\/senozmetal.com\/index.php\/product\/compound-saw-makita-brand\/\">Compound Saw Makita Brand<\/a>\r\n                            <\/h4>\r\n                                                            <div class=\"item--category\">\r\n                                    <a href=\"https:\/\/senozmetal.com\/index.php\/product-category\/compound\/\" rel=\"tag\">Compound<\/a>                                <\/div>\r\n                                                        <div class=\"woo-rate-price\">\r\n                                <span class=\"price\"><span class=\"woocommerce-Price-amount amount\"><span class=\"woocommerce-Price-currencySymbol\">&#8378;<\/span>20,00<\/span><\/span>\r\n                                <div class=\"woocommerce-product--rating\">\r\n                                    <div class=\"star-rating\" role=\"img\" aria-label=\"5 \u00fczerinden 4.00 oy ald\u0131\"><span style=\"width:80%\"><span class=\"rating\">2<\/span> m\u00fc\u015fteri puan\u0131na dayanarak 5 \u00fczerinden <strong class=\"rating\">4.00<\/strong> puan ald\u0131<\/span><\/div>                                <\/div>\r\n                            <\/div>\r\n                        <\/div>\r\n                        <div class=\"woocommerce-add-to-cart\">\r\n                            <a href=\"?add-to-cart=4235\" rel=\"nofollow\" data-product_id=\"4235\" data-product_sku=\"\" class=\"button ajax_add_to_cart add_to_cart_button product_type_simple\">Sepete Ekle<\/a>                        <\/div>\r\n                    <\/div>\r\n                <\/div>\r\n                            <div class=\"grid-item col-xl-3 col-lg-3 col-md-4 col-sm-6 col-12 generator-yato-brand\">\r\n                    <div class=\"grid-item-inner \">\r\n                                                    <div class=\"woocommerce-product-header\">\r\n                                <a class=\"woocommerce-product-details\" href=\"https:\/\/senozmetal.com\/index.php\/product\/inverter-power-generator\/\"><img loading=\"lazy\" decoding=\"async\" width=\"150\" height=\"150\" src=\"https:\/\/senozmetal.com\/wp-content\/uploads\/2021\/11\/product-3-150x150.jpg\" class=\"attachment-thumbnail\" alt=\"\" \/><\/a>\r\n                            <\/div>\r\n                        \r\n                        <div class=\"woocommerce-product-content\">\r\n                            <h4 class=\"woocommerce-product--title\">\r\n                                <a href=\"https:\/\/senozmetal.com\/index.php\/product\/inverter-power-generator\/\">Inverter Power Generator<\/a>\r\n                            <\/h4>\r\n                                                            <div class=\"item--category\">\r\n                                    <a href=\"https:\/\/senozmetal.com\/index.php\/product-category\/generator-yato-brand\/\" rel=\"tag\">Generator Yato Brand<\/a>                                <\/div>\r\n                                                        <div class=\"woo-rate-price\">\r\n                                <span class=\"price\"><del aria-hidden=\"true\"><span class=\"woocommerce-Price-amount amount\"><span class=\"woocommerce-Price-currencySymbol\">&#8378;<\/span>300,00<\/span><\/del> <span class=\"screen-reader-text\">Orijinal fiyat: &#8378;300,00.<\/span><ins aria-hidden=\"true\"><span class=\"woocommerce-Price-amount amount\"><span class=\"woocommerce-Price-currencySymbol\">&#8378;<\/span>250,00<\/span><\/ins><span class=\"screen-reader-text\">\u015eu andaki fiyat: &#8378;250,00.<\/span><\/span>\r\n                                <div class=\"woocommerce-product--rating\">\r\n                                    <div class=\"star-rating\" role=\"img\" aria-label=\"5 \u00fczerinden 4.50 oy ald\u0131\"><span style=\"width:90%\"><span class=\"rating\">2<\/span> m\u00fc\u015fteri puan\u0131na dayanarak 5 \u00fczerinden <strong class=\"rating\">4.50<\/strong> puan ald\u0131<\/span><\/div>                                <\/div>\r\n                            <\/div>\r\n                        <\/div>\r\n                        <div class=\"woocommerce-add-to-cart\">\r\n                            <a href=\"?add-to-cart=4234\" rel=\"nofollow\" data-product_id=\"4234\" data-product_sku=\"\" class=\"button ajax_add_to_cart add_to_cart_button product_type_simple\">Sepete Ekle<\/a>                        <\/div>\r\n                    <\/div>\r\n                <\/div>\r\n                            <div class=\"grid-item col-xl-3 col-lg-3 col-md-4 col-sm-6 col-12 drill-machine\">\r\n                    <div class=\"grid-item-inner \">\r\n                                                    <div class=\"woocommerce-product-header\">\r\n                                <a class=\"woocommerce-product-details\" href=\"https:\/\/senozmetal.com\/index.php\/product\/liion-compact-drill-driver\/\"><img loading=\"lazy\" decoding=\"async\" width=\"150\" height=\"150\" src=\"https:\/\/senozmetal.com\/wp-content\/uploads\/2021\/11\/product-2-150x150.jpg\" class=\"attachment-thumbnail\" alt=\"\" \/><\/a>\r\n                            <\/div>\r\n                        \r\n                        <div class=\"woocommerce-product-content\">\r\n                            <h4 class=\"woocommerce-product--title\">\r\n                                <a href=\"https:\/\/senozmetal.com\/index.php\/product\/liion-compact-drill-driver\/\">LiIon Compact Drill Driver<\/a>\r\n                            <\/h4>\r\n                                                            <div class=\"item--category\">\r\n                                    <a href=\"https:\/\/senozmetal.com\/index.php\/product-category\/drill-machine\/\" rel=\"tag\">Drill Machine<\/a>                                <\/div>\r\n                                                        <div class=\"woo-rate-price\">\r\n                                <span class=\"price\"><span class=\"woocommerce-Price-amount amount\"><span class=\"woocommerce-Price-currencySymbol\">&#8378;<\/span>10,00<\/span><\/span>\r\n                                <div class=\"woocommerce-product--rating\">\r\n                                    <div class=\"star-rating\" role=\"img\" aria-label=\"5 \u00fczerinden 3.50 oy ald\u0131\"><span style=\"width:70%\"><span class=\"rating\">2<\/span> m\u00fc\u015fteri puan\u0131na dayanarak 5 \u00fczerinden <strong class=\"rating\">3.50<\/strong> puan ald\u0131<\/span><\/div>                                <\/div>\r\n                            <\/div>\r\n                        <\/div>\r\n                        <div class=\"woocommerce-add-to-cart\">\r\n                            <a href=\"?add-to-cart=4213\" rel=\"nofollow\" data-product_id=\"4213\" data-product_sku=\"\" class=\"button ajax_add_to_cart add_to_cart_button product_type_simple\">Sepete Ekle<\/a>                        <\/div>\r\n                    <\/div>\r\n                <\/div>\r\n                                        <div class=\"grid-sizer col-xl-3 col-lg-3 col-md-4 col-sm-6 col-12\"><\/div>\r\n                    <\/div>\r\n                            <div class=\"ct-load-more text-center\" data-loadmore=\"{&quot;posttype&quot;:&quot;product&quot;,&quot;startPage&quot;:1,&quot;maxPages&quot;:2,&quot;total&quot;:9,&quot;perpage&quot;:8,&quot;nextLink&quot;:&quot;https:\\\/\\\/senozmetal.com\\\/index.php\\\/wp-json\\\/wp\\\/v2\\\/pages\\\/14158\\\/page\\\/2\\\/&quot;,&quot;source&quot;:&quot;&quot;,&quot;orderby&quot;:&quot;date&quot;,&quot;order&quot;:&quot;desc&quot;,&quot;limit&quot;:8,&quot;post_ids&quot;:&quot;&quot;,&quot;col_xl&quot;:3,&quot;col_lg&quot;:3,&quot;col_md&quot;:4,&quot;col_sm&quot;:6,&quot;col_xs&quot;:12,&quot;pagination_type&quot;:&quot;loadmore&quot;,&quot;show_category&quot;:&quot;true&quot;,&quot;img_size&quot;:&quot;&quot;,&quot;grid_masonry&quot;:&quot;&quot;,&quot;ct_animate&quot;:&quot;&quot;,&quot;template_type&quot;:&quot;product_grid_layout1&quot;,&quot;tax&quot;:[&quot;product_cat&quot;]}\">\r\n                <span class=\"btn btn-animate\">\r\n                    <i class=\"caseicon-refresh-arrow\"><\/i>\r\n                    Load more                <\/span>\r\n            <\/div>\r\n            <\/div>\r\n\t\t\t\t<\/div>\n\t\t\t\t<\/div>\n\t\t            <\/div>\n        <\/div>\n                    <\/div>\n        <\/section>\n        \t\t<\/div>\n\t\t","protected":false},"excerpt":{"rendered":"<p>Inverter Power Generator V2 Generator Yato Brand &pound;300.00 &pound;250.00 Rated 3.50 out of 5 based on 2 customer ratings Add to cart Slim fit chinos mens uk Compound &pound;20.00 Rated 4.00 out of 5 based on 3 customer ratings Add to cart LiIon Compact Drill Cordless Drill Machine &pound;10.00 Rated 4.50 out of 5 based on 2 customer ratings Add to cart LiIon Compact Drill Driver SZ2 Compound &pound;20.00 Rated 4.00 out of 5 based on 2 customer ratings Add to cart LiIon Compact Drill Driver SZ3 Generator Yato Brand &pound;20.00 Rated 5.00 out of 5 based on 2 customer ratings Add to cart Compound Saw Makita Brand Compound &pound;20.00 Rated 4.00 out of 5 based on 2 customer ratings Add to cart Inverter Power Generator Generator Yato Brand &pound;300.00 &pound;250.00 Rated 4.50 out of 5 based on 2 customer ratings Add to cart LiIon Compact Drill Driver Drill Machine &pound;10.00 Rated 3.50 out of 5 based on 2 customer ratings Add to cart Load more<\/p>\n","protected":false},"author":1,"featured_media":0,"parent":0,"menu_order":0,"comment_status":"closed","ping_status":"closed","template":"","meta":{"footnotes":""},"class_list":["post-14158","page","type-page","status-publish","hentry"],"_links":{"self":[{"href":"https:\/\/senozmetal.com\/index.php\/wp-json\/wp\/v2\/pages\/14158","targetHints":{"allow":["GET"]}}],"collection":[{"href":"https:\/\/senozmetal.com\/index.php\/wp-json\/wp\/v2\/pages"}],"about":[{"href":"https:\/\/senozmetal.com\/index.php\/wp-json\/wp\/v2\/types\/page"}],"author":[{"embeddable":true,"href":"https:\/\/senozmetal.com\/index.php\/wp-json\/wp\/v2\/users\/1"}],"replies":[{"embeddable":true,"href":"https:\/\/senozmetal.com\/index.php\/wp-json\/wp\/v2\/comments?post=14158"}],"version-history":[{"count":0,"href":"https:\/\/senozmetal.com\/index.php\/wp-json\/wp\/v2\/pages\/14158\/revisions"}],"wp:attachment":[{"href":"https:\/\/senozmetal.com\/index.php\/wp-json\/wp\/v2\/media?parent=14158"}],"curies":[{"name":"wp","href":"https:\/\/api.w.org\/{rel}","templated":true}]}}