{"id":10563,"date":"2022-02-25T19:18:48","date_gmt":"2022-02-25T19:18:48","guid":{"rendered":"https:\/\/demo.casethemes.net\/industo\/?page_id=10563"},"modified":"2022-02-25T19:18:48","modified_gmt":"2022-02-25T19:18:48","slug":"portfolio-grid-masonry","status":"publish","type":"page","link":"https:\/\/senozmetal.com\/index.php\/portfolio-grid-masonry\/","title":{"rendered":"Portfolio Grid &#8211; Masonry"},"content":{"rendered":"\t\t<div data-elementor-type=\"wp-page\" data-elementor-id=\"10563\" class=\"elementor elementor-10563\" data-elementor-post-type=\"page\">\n\t\t\t\t        <section class=\"elementor-section elementor-top-section elementor-element elementor-element-615a1e10 elementor-section-stretched elementor-section-boxed elementor-section-height-default elementor-section-height-default wpr-particle-no wpr-jarallax-no wpr-parallax-no wpr-sticky-section-no ct-header-fixed-none ct-column-none ct-row-scroll-none ct-row-gradient--none ct-row-container--default\" data-id=\"615a1e10\" data-element_type=\"section\" data-settings=\"{&quot;stretch_section&quot;:&quot;section-stretched&quot;,&quot;background_background&quot;:&quot;classic&quot;}\">\n            \n                        <div class=\"elementor-container elementor-column-gap-extended \">\n                    <div class=\"elementor-column elementor-col-100 elementor-top-column elementor-element elementor-element-3dcb9933 ct-column-none col-offset-none\" data-id=\"3dcb9933\" data-element_type=\"column\">\n        <div class=\"elementor-widget-wrap elementor-element-populated\">\n                    \n        \t\t<div class=\"elementor-element elementor-element-a4a2450 elementor-widget elementor-widget-ct_portfolio_grid\" data-id=\"a4a2450\" data-element_type=\"widget\" data-widget_type=\"ct_portfolio_grid.default\">\n\t\t\t\t<div class=\"elementor-widget-container\">\n\t\t\t\t\t\r\n<div id=\"ct_portfolio_grid-a4a2450\" class=\"ct-grid ct-portfolio ct-portfolio-grid3 item--default-space\" data-layout=\"masonry\" data-start-page=\"1\" data-max-pages=\"2\" data-total=\"12\" data-perpage=\"6\" data-next-link=\"https:\/\/senozmetal.com\/index.php\/wp-json\/wp\/v2\/pages\/10563\/page\/2\/\">\r\n            <div class=\"grid-filter-wrap align-left\">\r\n            <span class=\"filter-item active\" data-filter=\"*\">All Items<\/span>\r\n                                                            \r\n                <span class=\"filter-item\" data-filter=\".celik\">\r\n                    \u00c7elik                <\/span>\r\n                                                            \r\n                <span class=\"filter-item\" data-filter=\".demir\">\r\n                    Demir                <\/span>\r\n                                                            \r\n                <span class=\"filter-item\" data-filter=\".metal\">\r\n                    Metal                <\/span>\r\n                    <\/div>\r\n    \r\n    <div class=\"ct-grid-inner ct-grid-masonry row animate-time\" data-gutter=\"15\">\r\n                                <div class=\"grid-item col-xl-6 col-lg-6 col-md-6 col-sm-6 col-12 demir\">\r\n                            <div class=\"grid-item-inner \">\r\n                                <div class=\"item--featured\">\r\n                                    <img fetchpriority=\"high\" decoding=\"async\" class=\"no-lazyload \" src=\"https:\/\/senozmetal.com\/wp-content\/uploads\/2022\/02\/IMG_4385-960x720-1-600x283.jpg\" width=\"600\" height=\"283\" alt=\"IMG_4385-960x720\" title=\"IMG_4385-960x720\" \/>                                <\/div>\r\n                                <div class=\"item--holder\">\r\n                                    <div class=\"inner-holder\">\r\n                                        <div class=\"item--meta\">\r\n                                                                                            <h4 class=\"item--title\">\r\n                                                    <a href=\"https:\/\/senozmetal.com\/index.php\/portfolio\/cam-bina\/\">                                                        Cam Bina                                                    <\/a>                                                <\/h4>\r\n                                                                                                                                        <div class=\"item--category\">\r\n                                                    <a href=\"https:\/\/senozmetal.com\/index.php\/portfolio-category\/demir\/\" rel=\"tag\">Demir<\/a>                                                <\/div>\r\n                                                                                    <\/div>\r\n                                                                                    <div class=\"item--readmore\">\r\n                                                <a href=\"https:\/\/senozmetal.com\/index.php\/portfolio\/cam-bina\/\">+<\/a>\r\n                                            <\/div>\r\n                                                                            <\/div>\r\n                                <\/div>\r\n                            <\/div>\r\n                        <\/div>\r\n                                        <div class=\"grid-item col-xl-3 col-lg-3 col-md-6 col-sm-6 col-12 metal\">\r\n                            <div class=\"grid-item-inner \">\r\n                                <div class=\"item--featured\">\r\n                                    <img decoding=\"async\" class=\"no-lazyload \" src=\"https:\/\/senozmetal.com\/wp-content\/uploads\/2022\/02\/WhatsApp-Image-2021-04-11-at-18.25.28-960x720-1-600x600.jpeg\" width=\"600\" height=\"600\" alt=\"WhatsApp-Image-2021-04-11-at-18.25.28-960x720\" title=\"WhatsApp-Image-2021-04-11-at-18.25.28-960x720\" \/>                                <\/div>\r\n                                <div class=\"item--holder\">\r\n                                    <div class=\"inner-holder\">\r\n                                        <div class=\"item--meta\">\r\n                                                                                            <h4 class=\"item--title\">\r\n                                                    <a href=\"https:\/\/senozmetal.com\/index.php\/portfolio\/dortyol-insaat\/\">                                                        D\u00f6rtyol \u0130n\u015faat                                                    <\/a>                                                <\/h4>\r\n                                                                                                                                        <div class=\"item--category\">\r\n                                                    <a href=\"https:\/\/senozmetal.com\/index.php\/portfolio-category\/metal\/\" rel=\"tag\">Metal<\/a>                                                <\/div>\r\n                                                                                    <\/div>\r\n                                                                                    <div class=\"item--readmore\">\r\n                                                <a href=\"https:\/\/senozmetal.com\/index.php\/portfolio\/dortyol-insaat\/\">+<\/a>\r\n                                            <\/div>\r\n                                                                            <\/div>\r\n                                <\/div>\r\n                            <\/div>\r\n                        <\/div>\r\n                                        <div class=\"grid-item col-xl-3 col-lg-3 col-md-6 col-sm-6 col-12 celik\">\r\n                            <div class=\"grid-item-inner \">\r\n                                <div class=\"item--featured\">\r\n                                    <img decoding=\"async\" class=\"no-lazyload \" src=\"https:\/\/senozmetal.com\/wp-content\/uploads\/2022\/02\/ALPZ8282-960x720-1-600x600.jpg\" width=\"600\" height=\"600\" alt=\"ALPZ8282-960x720\" title=\"ALPZ8282-960x720\" \/>                                <\/div>\r\n                                <div class=\"item--holder\">\r\n                                    <div class=\"inner-holder\">\r\n                                        <div class=\"item--meta\">\r\n                                                                                            <h4 class=\"item--title\">\r\n                                                    <a href=\"https:\/\/senozmetal.com\/index.php\/portfolio\/erkan-makina-ozbekistan\/\">                                                        Erkan Makina \u00d6zbekistan                                                    <\/a>                                                <\/h4>\r\n                                                                                                                                        <div class=\"item--category\">\r\n                                                    <a href=\"https:\/\/senozmetal.com\/index.php\/portfolio-category\/celik\/\" rel=\"tag\">\u00c7elik<\/a>                                                <\/div>\r\n                                                                                    <\/div>\r\n                                                                                    <div class=\"item--readmore\">\r\n                                                <a href=\"https:\/\/senozmetal.com\/index.php\/portfolio\/erkan-makina-ozbekistan\/\">+<\/a>\r\n                                            <\/div>\r\n                                                                            <\/div>\r\n                                <\/div>\r\n                            <\/div>\r\n                        <\/div>\r\n                                        <div class=\"grid-item col-xl-3 col-lg-3 col-md-6 col-sm-6 col-12 metal\">\r\n                            <div class=\"grid-item-inner \">\r\n                                <div class=\"item--featured\">\r\n                                    <img loading=\"lazy\" decoding=\"async\" class=\"no-lazyload \" src=\"https:\/\/senozmetal.com\/wp-content\/uploads\/2022\/02\/20140529_134542-960x720-1-600x600.jpg\" width=\"600\" height=\"600\" alt=\"20140529_134542-960x720\" title=\"20140529_134542-960x720\" \/>                                <\/div>\r\n                                <div class=\"item--holder\">\r\n                                    <div class=\"inner-holder\">\r\n                                        <div class=\"item--meta\">\r\n                                                                                            <h4 class=\"item--title\">\r\n                                                    <a href=\"https:\/\/senozmetal.com\/index.php\/portfolio\/ersal-tarim\/\">                                                        Ersal Tar\u0131m                                                    <\/a>                                                <\/h4>\r\n                                                                                                                                        <div class=\"item--category\">\r\n                                                    <a href=\"https:\/\/senozmetal.com\/index.php\/portfolio-category\/metal\/\" rel=\"tag\">Metal<\/a>                                                <\/div>\r\n                                                                                    <\/div>\r\n                                                                                    <div class=\"item--readmore\">\r\n                                                <a href=\"https:\/\/senozmetal.com\/index.php\/portfolio\/ersal-tarim\/\">+<\/a>\r\n                                            <\/div>\r\n                                                                            <\/div>\r\n                                <\/div>\r\n                            <\/div>\r\n                        <\/div>\r\n                                        <div class=\"grid-item col-xl-3 col-lg-3 col-md-6 col-sm-6 col-12 \">\r\n                            <div class=\"grid-item-inner \">\r\n                                <div class=\"item--featured\">\r\n                                    <img loading=\"lazy\" decoding=\"async\" class=\"no-lazyload \" src=\"https:\/\/senozmetal.com\/wp-content\/uploads\/2022\/02\/XRCH4761-960x720-1-600x600.jpg\" width=\"600\" height=\"600\" alt=\"XRCH4761-960x720\" title=\"XRCH4761-960x720\" \/>                                <\/div>\r\n                                <div class=\"item--holder\">\r\n                                    <div class=\"inner-holder\">\r\n                                        <div class=\"item--meta\">\r\n                                                                                            <h4 class=\"item--title\">\r\n                                                    <a href=\"https:\/\/senozmetal.com\/index.php\/portfolio\/fatsa-bentas\/\">                                                        Fatsa Benta\u015f                                                    <\/a>                                                <\/h4>\r\n                                                                                                                                        <div class=\"item--category\">\r\n                                                                                                    <\/div>\r\n                                                                                    <\/div>\r\n                                                                                    <div class=\"item--readmore\">\r\n                                                <a href=\"https:\/\/senozmetal.com\/index.php\/portfolio\/fatsa-bentas\/\">+<\/a>\r\n                                            <\/div>\r\n                                                                            <\/div>\r\n                                <\/div>\r\n                            <\/div>\r\n                        <\/div>\r\n                                        <div class=\"grid-item col-xl-6 col-lg-6 col-md-6 col-sm-6 col-12 celik\">\r\n                            <div class=\"grid-item-inner \">\r\n                                <div class=\"item--featured\">\r\n                                    <img loading=\"lazy\" decoding=\"async\" class=\"no-lazyload \" src=\"https:\/\/senozmetal.com\/wp-content\/uploads\/2021\/12\/IMG-20150321-WA0002-960x720-1-600x280.jpg\" width=\"600\" height=\"280\" alt=\"IMG-20150321-WA0002-960x720\" title=\"IMG-20150321-WA0002-960x720\" \/>                                <\/div>\r\n                                <div class=\"item--holder\">\r\n                                    <div class=\"inner-holder\">\r\n                                        <div class=\"item--meta\">\r\n                                                                                            <h4 class=\"item--title\">\r\n                                                    <a href=\"https:\/\/senozmetal.com\/index.php\/portfolio\/goktugbey-hayvancilik\/\">                                                        G\u00f6ktu\u011fbey Hayvanc\u0131l\u0131k                                                    <\/a>                                                <\/h4>\r\n                                                                                                                                        <div class=\"item--category\">\r\n                                                    <a href=\"https:\/\/senozmetal.com\/index.php\/portfolio-category\/celik\/\" rel=\"tag\">\u00c7elik<\/a>                                                <\/div>\r\n                                                                                    <\/div>\r\n                                                                                    <div class=\"item--readmore\">\r\n                                                <a href=\"https:\/\/senozmetal.com\/index.php\/portfolio\/goktugbey-hayvancilik\/\">+<\/a>\r\n                                            <\/div>\r\n                                                                            <\/div>\r\n                                <\/div>\r\n                            <\/div>\r\n                        <\/div>\r\n                                    <div class=\"grid-sizer col-xl-3 col-lg-3 col-md-6 col-sm-6 col-12\"><\/div>\r\n            <\/div>\r\n                <div class=\"ct-load-more text-center \" data-wow-duration=\"1.2s\" data-loadmore=\"{&quot;posttype&quot;:&quot;portfolio&quot;,&quot;startPage&quot;:1,&quot;maxPages&quot;:2,&quot;total&quot;:12,&quot;perpage&quot;:6,&quot;nextLink&quot;:&quot;https:\\\/\\\/senozmetal.com\\\/index.php\\\/wp-json\\\/wp\\\/v2\\\/pages\\\/10563\\\/page\\\/2\\\/&quot;,&quot;source&quot;:&quot;&quot;,&quot;orderby&quot;:&quot;date&quot;,&quot;order&quot;:&quot;desc&quot;,&quot;limit&quot;:6,&quot;post_ids&quot;:&quot;&quot;,&quot;col_xl&quot;:3,&quot;col_lg&quot;:3,&quot;col_md&quot;:6,&quot;col_sm&quot;:6,&quot;col_xs&quot;:12,&quot;img_size&quot;:&quot;&quot;,&quot;pagination_type&quot;:&quot;loadmore&quot;,&quot;show_title&quot;:&quot;true&quot;,&quot;show_category&quot;:&quot;true&quot;,&quot;show_button&quot;:&quot;true&quot;,&quot;grid_masonry&quot;:[{&quot;_id&quot;:&quot;6fdb341&quot;,&quot;col_xl_m&quot;:&quot;2&quot;,&quot;img_size_m&quot;:&quot;600x283&quot;,&quot;col_lg_m&quot;:&quot;2&quot;,&quot;col_md_m&quot;:&quot;2&quot;,&quot;col_xs_m&quot;:&quot;1&quot;,&quot;col_sm_m&quot;:&quot;2&quot;},{&quot;img_size_m&quot;:&quot;600x600&quot;,&quot;col_md_m&quot;:&quot;2&quot;,&quot;_id&quot;:&quot;b35d960&quot;,&quot;col_xs_m&quot;:&quot;1&quot;,&quot;col_sm_m&quot;:&quot;2&quot;,&quot;col_lg_m&quot;:&quot;4&quot;,&quot;col_xl_m&quot;:&quot;4&quot;},{&quot;img_size_m&quot;:&quot;600x600&quot;,&quot;col_md_m&quot;:&quot;2&quot;,&quot;_id&quot;:&quot;108d939&quot;,&quot;col_xs_m&quot;:&quot;1&quot;,&quot;col_sm_m&quot;:&quot;2&quot;,&quot;col_lg_m&quot;:&quot;4&quot;,&quot;col_xl_m&quot;:&quot;4&quot;},{&quot;img_size_m&quot;:&quot;600x600&quot;,&quot;col_md_m&quot;:&quot;2&quot;,&quot;_id&quot;:&quot;416f426&quot;,&quot;col_xs_m&quot;:&quot;1&quot;,&quot;col_sm_m&quot;:&quot;2&quot;,&quot;col_lg_m&quot;:&quot;4&quot;,&quot;col_xl_m&quot;:&quot;4&quot;},{&quot;img_size_m&quot;:&quot;600x600&quot;,&quot;col_md_m&quot;:&quot;2&quot;,&quot;_id&quot;:&quot;52145f3&quot;,&quot;col_xs_m&quot;:&quot;1&quot;,&quot;col_sm_m&quot;:&quot;2&quot;,&quot;col_lg_m&quot;:&quot;4&quot;,&quot;col_xl_m&quot;:&quot;4&quot;},{&quot;col_xl_m&quot;:&quot;2&quot;,&quot;img_size_m&quot;:&quot;600x280&quot;,&quot;col_lg_m&quot;:&quot;2&quot;,&quot;_id&quot;:&quot;4191382&quot;,&quot;col_md_m&quot;:&quot;2&quot;,&quot;col_xs_m&quot;:&quot;1&quot;,&quot;col_sm_m&quot;:&quot;2&quot;}],&quot;ct_animate&quot;:&quot;&quot;,&quot;template_type&quot;:&quot;portfolio_layout3&quot;,&quot;tax&quot;:[&quot;portfolio-category&quot;,&quot;portfolio-category&quot;,&quot;portfolio-category&quot;,&quot;portfolio-category&quot;]}\">\r\n            <span class=\"btn btn-primary btn-grid-loadmore\">\r\n                Load more            <\/span>\r\n        <\/div>\r\n    <\/div>\t\t\t\t<\/div>\n\t\t\t\t<\/div>\n\t\t            <\/div>\n        <\/div>\n                    <\/div>\n        <\/section>\n        \t\t<\/div>\n\t\t","protected":false},"excerpt":{"rendered":"<p>All Items Agricultural Automation Civil &amp; Art Engineering Mechanical Engineering Oil &amp; Gas Engineering Building Fast Agricultural Automation + Areb Oil Rigs Civil &amp; Art Engineering + Warehouse Industry Mechanical Engineering + Alternative Energy Civil &amp; Art Engineering + Metal Industry Oil &amp; Gas Engineering + Pipe and Pressure vessel Systems Mechanical Engineering + Load more<\/p>\n","protected":false},"author":1,"featured_media":0,"parent":0,"menu_order":0,"comment_status":"closed","ping_status":"closed","template":"","meta":{"footnotes":""},"class_list":["post-10563","page","type-page","status-publish","hentry"],"_links":{"self":[{"href":"https:\/\/senozmetal.com\/index.php\/wp-json\/wp\/v2\/pages\/10563","targetHints":{"allow":["GET"]}}],"collection":[{"href":"https:\/\/senozmetal.com\/index.php\/wp-json\/wp\/v2\/pages"}],"about":[{"href":"https:\/\/senozmetal.com\/index.php\/wp-json\/wp\/v2\/types\/page"}],"author":[{"embeddable":true,"href":"https:\/\/senozmetal.com\/index.php\/wp-json\/wp\/v2\/users\/1"}],"replies":[{"embeddable":true,"href":"https:\/\/senozmetal.com\/index.php\/wp-json\/wp\/v2\/comments?post=10563"}],"version-history":[{"count":0,"href":"https:\/\/senozmetal.com\/index.php\/wp-json\/wp\/v2\/pages\/10563\/revisions"}],"wp:attachment":[{"href":"https:\/\/senozmetal.com\/index.php\/wp-json\/wp\/v2\/media?parent=10563"}],"curies":[{"name":"wp","href":"https:\/\/api.w.org\/{rel}","templated":true}]}}